{"id":3803,"date":"2023-04-11T13:58:48","date_gmt":"2023-04-11T11:58:48","guid":{"rendered":"https:\/\/www.camping-pen-palud.com\/tourism-saint-cado-et-ria-detel\/"},"modified":"2023-04-17T17:09:05","modified_gmt":"2023-04-17T15:09:05","slug":"tourism-saint-cado-and-ria-detel","status":"publish","type":"page","link":"https:\/\/www.camping-pen-palud.com\/en\/surroundings\/tourism-saint-cado-and-ria-detel\/","title":{"rendered":"Saint-Cado and the estuary of Etel"},"content":{"rendered":"<section id=\"ls-section-block_e7225e00a41d17c0bedf300ec74afb5f\" class=\"ls-section  section-one\" >\n        <div class=\"container container--wide\">\n        \n\n<h1 class=\"ls__heading wp-block-heading has-text-align-center\">Discover Saint-Cado and the Etel estuary <\/h1>\n\n\n\n<p class=\"ls-paragraph has-text-align-center\">Saint-Cado, <strong>petite \u00eele pittoresque encercl\u00e9e par la ria d\u2019\u00c9tel<\/strong>, un fleuve c\u00f4tier, forme <strong>l\u2019un des plus beaux sites de la r\u00e9gion Bretagne<\/strong>. En vacances dans le Morbihan au\u00a0<a href=\"https:\/\/www.camping-pen-palud.com\/en\/\">camping Pen Palud<\/a>, profitez d\u2019une escapade entre terre et mer dans ce tr\u00e8s beau d\u00e9cor de carte postale.<\/p>\n\n\n\n<h2 class=\"ls__heading wp-block-heading deco m-t-6\">Go <strong>to Saint-Cado and the ria d&#8217;\u00c9tel<\/strong><\/h2>\n\n\n\n<p class=\"ls-paragraph\">Saint-Cado and the ria d&#8217;\u00c9tel are located between Lorient and Vannes in the department of Morbihan. The <strong>ria of Etel<\/strong> is a <strong>coastal river<\/strong> invaded by the sea during rising tides, it then forms a sheltered marine gulf, about twenty square kilometers, with a bay and multiple islets. The mouth of this arm of the sea is located in the Atlantic Ocean, at the level of the municipalities of Etel and Plouhinec. There are <strong>seven lovely communes <\/strong>in total that are located on this marine gulf: \u00c9tel and Plouhinec, but also Belz, Land\u00e9vant, Locoal-Mendon, Nostang and Sainte-H\u00e9l\u00e8ne.<\/p>\n\n\n\n<p class=\"ls-paragraph\">In a very romantic setting, <strong>Saint-Cado<\/strong> is a <strong>small natural and preserved island<\/strong> that belongs to the municipality of Belz. Popular with painters and photographers, it offers a breathtaking view of the Ria d&#8217;\u00c9tel. A bridge connects the island to the land, once very old, this bridge was classified in 2007 in a state of danger following strong damage due to bad weather. Following a call for donations, it is a massive mobilization (patrons, donors and local institutions) that allowed its reconstruction in order to safeguard and preserve this emblematic heritage of the region.<\/p>\n\n\n\n<figure class=\"wp-block-image size-large m-t-4\"><img decoding=\"async\" width=\"1024\" height=\"422\" src=\"https:\/\/www.camping-pen-palud.com\/wp-content\/uploads\/2023\/03\/decouvrir-etel-ria-1024x422.webp\" alt=\"Discover Etel Ria\" class=\"wp-image-3163\" srcset=\"https:\/\/www.camping-pen-palud.com\/wp-content\/uploads\/2023\/03\/decouvrir-etel-ria-1024x422.webp 1024w, https:\/\/www.camping-pen-palud.com\/wp-content\/uploads\/2023\/03\/decouvrir-etel-ria-300x124.webp 300w, https:\/\/www.camping-pen-palud.com\/wp-content\/uploads\/2023\/03\/decouvrir-etel-ria-768x317.webp 768w, https:\/\/www.camping-pen-palud.com\/wp-content\/uploads\/2023\/03\/decouvrir-etel-ria.webp 1334w\" sizes=\"(max-width: 1024px) 100vw, 1024px\" \/><\/figure>\n\n\n\n<h2 class=\"ls__heading wp-block-heading deco m-t-6\">A unique moment <strong>in Saint-Cado and the Ria d&#8217;\u00c9tel<\/strong><\/h2>\n\n\n\n<p class=\"ls-paragraph\">You will undoubtedly be amazed by <strong>the charm and authenticity<\/strong> of the Ria d&#8217;\u00c9tel and Saint-Cado Island. As soon as you arrive, you can admire a <strong>magnificent view of an underwater sandbank<\/strong>, called <strong>Barre d&#8217;\u00c9tel<\/strong>. Depending on the winds and currents, it is a unique natural spectacle not to be missed. The ria d&#8217;\u00c9tel offers many activities to practice alone, with family or friends.<\/p>\n\n\n\n<p class=\"ls-paragraph\">Discover during your walks the <strong>typical fishermen&#8217;s houses<\/strong> and observe the <strong>change of landscapes according to the tides<\/strong>. During low tides, you can also go <strong>fishing on foot<\/strong> to harvest <strong>periwinkles, clams or cockles<\/strong>. This will certainly make you want to <strong>taste the local specialties<\/strong> and in particular the <strong>oysters<\/strong> of the river \u00c9tel, you will find many places for this during your walks on the estuary of \u00c9tel. The discovery of fauna and flora, on land or underwater, is also a real delight. Scuba diving, kayaking or stand up paddle trips will make you live unique moments.<\/p>\n\n\n\n<p class=\"ls-paragraph\">The <strong>island of Saint-Cado<\/strong> is a <strong>romantic walk<\/strong> par excellence, do not hesitate to extend your visit to admire the <strong>beautiful sunset<\/strong> that gives the small village an incredible luminosity. At low tide, <strong>oyster beds<\/strong> are revealed, while at high <strong>tide<\/strong>, the island is almost surrounded. A <strong>small house with blue shutters<\/strong> once owned by a local oyster farmer will surely catch your eye. Now unoccupied and located on the islet of Nichtarguer, it is the delight of painters and photographers and allows you to give free rein to your imagination. Do not miss the chapel of <strong>Saint-Cado<\/strong>, full of charm in an environment conducive to relaxation, where the atmosphere changes according to the tides. It was built in the seventeenth century in the middle of a meadow. Inside, <strong>superb stained glass windows dating from 1960<\/strong> are the <strong>work of master glassmaker Hubert de Sainte-Marie<\/strong>.<\/p>\n\n\n\n<p class=\"ls-paragraph m-b-4\">Saint-Cado and the ria d&#8217;\u00c9tel are truly a <strong>corner of paradise<\/strong> that it would be a shame not to discover. The atmosphere and colors change according to the weather and tides to offer visitors beautiful landscapes worthy of a painting.<\/p>\n\n\n\n<iframe src=\"https:\/\/www.google.com\/maps\/embed?pb=!1m34!1m12!1m3!1d102862.36131263073!2d-3.384211692243148!3d47.73155129927278!2m3!1f0!2f0!3f0!3m2!1i1024!2i768!4f13.1!4m19!3e0!4m5!1s0x48108ab178631ca3%3A0xf9ea343dbb2ce1fb!2sCamping%20Pen%20Palud%20-%20Ploemeur%20-%20Lorient%2C%206-8%20Impasse%20de%2C%20Rue%20de%20Pen%20Palud%2C%2056270%20Ploemeur!3m2!1d47.7083625!2d-3.4247623999999997!4m5!1s0x481068bf9791c4d9%3A0x6c2cee2cd5015ed!2zUml2acOocmUgZCfDiXRlbA!3m2!1d47.6734347!2d-3.1979927999999997!4m5!1s0x481068534d6fddab%3A0x8004adae203ce7fa!2sNichtargu%C3%A9r%2C%2056550!3m2!1d47.68575!2d-3.1873449999999997!5e0!3m2!1sfr!2sfr!4v1678288744561!5m2!1sfr!2sfr\" width=\"100%\" height=\"450\" style=\"border:0;\" allowfullscreen=\"\" loading=\"lazy\" referrerpolicy=\"no-referrer-when-downgrade\"><\/iframe>\n\n\n    <\/div>\n<\/section><section id=\"CTA\" class=\"ls-section  page-maillage p-t-0 has-p-b p-b-14\" >\n        <div class=\"container container--wide\">\n        \n\n<div id=\"ls-heading ls-titre-div-block_eb00f8989631340c46a5e58e1d3671c1\" class=\"ls-titre-div aligncenter h2-like has-m-b m-b-8\" >\n    Discover the surroundings!<\/div>\n\n\n<div id=\"ls-maillage-block_28946fb8555b342fc26936551cd1c37f\" class=\"ls-maillage cta-style-normal\" data-rows=\"3\">\n    <div class=\"wp-block-columns\"><div class=\"wp-block-column\">\n\n<a href=\"https:\/\/www.camping-pen-palud.com\/en\/surroundings\/festival-interceltic-lorient\/\" target=\"\" rel=\"noopener\" class=\"ls-cta__link\">\n\n\t<div class=\"ls-cta__image\"><img decoding=\"async\" src=\"https:\/\/www.camping-pen-palud.com\/wp-content\/uploads\/2023\/03\/festival-interceltique-lorient.webp\" alt=\"festival interceltique lorient\"><\/div>\n\t<div class=\"ls-cta__title\">\n\t\tInterceltic Festival + <i class='prigny-right-arrow'><\/i>\n\t<\/div>\n\n\t\t\n<\/a><\/div><div class=\"wp-block-column\">\n\n<a href=\"https:\/\/www.camping-pen-palud.com\/en\/surroundings\/campsite-guidel\/\" target=\"\" rel=\"noopener\" class=\"ls-cta__link\">\n\n\t<div class=\"ls-cta__image\"><img decoding=\"async\" src=\"https:\/\/www.camping-pen-palud.com\/wp-content\/uploads\/2023\/03\/sejour-guidel.jpg\" alt=\"sejour guidel\"><\/div>\n\t<div class=\"ls-cta__title\">\n\t\tGuidel + <i class='prigny-right-arrow'><\/i>\n\t<\/div>\n\n\t\t\n<\/a><\/div><div class=\"wp-block-column\">\n\n<a href=\"https:\/\/www.camping-pen-palud.com\/en\/surroundings\/campsite-gavres\/\" target=\"\" rel=\"noopener\" class=\"ls-cta__link\">\n\n\t<div class=\"ls-cta__image\"><img decoding=\"async\" src=\"https:\/\/www.camping-pen-palud.com\/wp-content\/uploads\/2023\/03\/visiter-gavres.jpg\" alt=\"visiter gavres\"><\/div>\n\t<div class=\"ls-cta__title\">\n\t\tSpoils + <i class='prigny-right-arrow'><\/i>\n\t<\/div>\n\n\t\t\n<\/a><\/div><\/div><\/div>\n\n    <\/div>\n<\/section>","protected":false},"excerpt":{"rendered":"","protected":false},"author":1,"featured_media":3166,"parent":3816,"menu_order":0,"comment_status":"closed","ping_status":"closed","template":"","meta":{"_acf_changed":false,"footnotes":""},"sujet":[],"class_list":["post-3803","page","type-page","status-publish","has-post-thumbnail","hentry"],"acf":[],"yoast_head":"<!-- This site is optimized with the Yoast SEO plugin v23.4 - https:\/\/yoast.com\/wordpress\/plugins\/seo\/ -->\n<title>Visit Saint-Cado and the Etel estuary | Discover Saint-Cado and the Etel estuary<\/title>\n<meta name=\"robots\" content=\"index, follow, max-snippet:-1, max-image-preview:large, max-video-preview:-1\" \/>\n<link rel=\"canonical\" href=\"https:\/\/www.camping-pen-palud.com\/en\/surroundings\/tourism-saint-cado-and-ria-detel\/\" \/>\n<meta property=\"og:locale\" content=\"en_US\" \/>\n<meta property=\"og:type\" content=\"article\" \/>\n<meta property=\"og:title\" content=\"Visit Saint-Cado and the Etel estuary | Discover Saint-Cado and the Etel estuary\" \/>\n<meta property=\"og:url\" content=\"https:\/\/www.camping-pen-palud.com\/en\/surroundings\/tourism-saint-cado-and-ria-detel\/\" \/>\n<meta property=\"og:site_name\" content=\"Camping Pen Palud\" \/>\n<meta property=\"article:publisher\" content=\"https:\/\/www.facebook.com\/campingpenpalud\/\" \/>\n<meta property=\"article:modified_time\" content=\"2023-04-17T15:09:05+00:00\" \/>\n<meta property=\"og:image\" content=\"https:\/\/www.camping-pen-palud.com\/wp-content\/uploads\/2023\/03\/decouvrir-ile-saint-cado.webp\" \/>\n\t<meta property=\"og:image:width\" content=\"1903\" \/>\n\t<meta property=\"og:image:height\" content=\"669\" \/>\n\t<meta property=\"og:image:type\" content=\"image\/webp\" \/>\n<meta name=\"twitter:card\" content=\"summary_large_image\" \/>\n<meta name=\"twitter:label1\" content=\"Est. reading time\" \/>\n\t<meta name=\"twitter:data1\" content=\"3 minutes\" \/>\n<script type=\"application\/ld+json\" class=\"yoast-schema-graph\">{\"@context\":\"https:\/\/schema.org\",\"@graph\":[{\"@type\":\"WebPage\",\"@id\":\"https:\/\/www.camping-pen-palud.com\/en\/surroundings\/tourism-saint-cado-and-ria-detel\/\",\"url\":\"https:\/\/www.camping-pen-palud.com\/en\/surroundings\/tourism-saint-cado-and-ria-detel\/\",\"name\":\"Visit Saint-Cado and the Etel estuary | Discover Saint-Cado and the Etel estuary\",\"isPartOf\":{\"@id\":\"https:\/\/www.camping-pen-palud.com\/#website\"},\"primaryImageOfPage\":{\"@id\":\"https:\/\/www.camping-pen-palud.com\/en\/surroundings\/tourism-saint-cado-and-ria-detel\/#primaryimage\"},\"image\":{\"@id\":\"https:\/\/www.camping-pen-palud.com\/en\/surroundings\/tourism-saint-cado-and-ria-detel\/#primaryimage\"},\"thumbnailUrl\":\"https:\/\/www.camping-pen-palud.com\/wp-content\/uploads\/2023\/03\/decouvrir-ile-saint-cado.webp\",\"datePublished\":\"2023-04-11T11:58:48+00:00\",\"dateModified\":\"2023-04-17T15:09:05+00:00\",\"breadcrumb\":{\"@id\":\"https:\/\/www.camping-pen-palud.com\/en\/surroundings\/tourism-saint-cado-and-ria-detel\/#breadcrumb\"},\"inLanguage\":\"en-US\",\"potentialAction\":[{\"@type\":\"ReadAction\",\"target\":[\"https:\/\/www.camping-pen-palud.com\/en\/surroundings\/tourism-saint-cado-and-ria-detel\/\"]}]},{\"@type\":\"ImageObject\",\"inLanguage\":\"en-US\",\"@id\":\"https:\/\/www.camping-pen-palud.com\/en\/surroundings\/tourism-saint-cado-and-ria-detel\/#primaryimage\",\"url\":\"https:\/\/www.camping-pen-palud.com\/wp-content\/uploads\/2023\/03\/decouvrir-ile-saint-cado.webp\",\"contentUrl\":\"https:\/\/www.camping-pen-palud.com\/wp-content\/uploads\/2023\/03\/decouvrir-ile-saint-cado.webp\",\"width\":1903,\"height\":669,\"caption\":\"decouvrir ile saint cado\"},{\"@type\":\"BreadcrumbList\",\"@id\":\"https:\/\/www.camping-pen-palud.com\/en\/surroundings\/tourism-saint-cado-and-ria-detel\/#breadcrumb\",\"itemListElement\":[{\"@type\":\"ListItem\",\"position\":1,\"name\":\"Camping Morbihan\",\"item\":\"https:\/\/www.camping-pen-palud.com\/en\/\"},{\"@type\":\"ListItem\",\"position\":2,\"name\":\"Tourism near the campsite\",\"item\":\"https:\/\/www.camping-pen-palud.com\/en\/surroundings\/\"},{\"@type\":\"ListItem\",\"position\":3,\"name\":\"Tourism in Saint-Cado and the Etel estuary\"}]},{\"@type\":\"WebSite\",\"@id\":\"https:\/\/www.camping-pen-palud.com\/#website\",\"url\":\"https:\/\/www.camping-pen-palud.com\/\",\"name\":\"Camping Pen Palud\",\"description\":\"\",\"publisher\":{\"@id\":\"https:\/\/www.camping-pen-palud.com\/#organization\"},\"potentialAction\":[{\"@type\":\"SearchAction\",\"target\":{\"@type\":\"EntryPoint\",\"urlTemplate\":\"https:\/\/www.camping-pen-palud.com\/?s={search_term_string}\"},\"query-input\":{\"@type\":\"PropertyValueSpecification\",\"valueRequired\":true,\"valueName\":\"search_term_string\"}}],\"inLanguage\":\"en-US\"},{\"@type\":\"Organization\",\"@id\":\"https:\/\/www.camping-pen-palud.com\/#organization\",\"name\":\"Camping Pen Palud\",\"url\":\"https:\/\/www.camping-pen-palud.com\/\",\"logo\":{\"@type\":\"ImageObject\",\"inLanguage\":\"en-US\",\"@id\":\"https:\/\/www.camping-pen-palud.com\/#\/schema\/logo\/image\/\",\"url\":\"https:\/\/www.camping-pen-palud.com\/wp-content\/uploads\/2023\/02\/camping-pen-palud-logo.jpg\",\"contentUrl\":\"https:\/\/www.camping-pen-palud.com\/wp-content\/uploads\/2023\/02\/camping-pen-palud-logo.jpg\",\"width\":245,\"height\":150,\"caption\":\"Camping Pen Palud\"},\"image\":{\"@id\":\"https:\/\/www.camping-pen-palud.com\/#\/schema\/logo\/image\/\"},\"sameAs\":[\"https:\/\/www.facebook.com\/campingpenpalud\/\",\"https:\/\/www.instagram.com\/CampingPenpalud\/\"]}]}<\/script>\n<!-- \/ Yoast SEO plugin. -->","yoast_head_json":{"title":"Visit Saint-Cado and the Etel estuary | Discover Saint-Cado and the Etel estuary","robots":{"index":"index","follow":"follow","max-snippet":"max-snippet:-1","max-image-preview":"max-image-preview:large","max-video-preview":"max-video-preview:-1"},"canonical":"https:\/\/www.camping-pen-palud.com\/en\/surroundings\/tourism-saint-cado-and-ria-detel\/","og_locale":"en_US","og_type":"article","og_title":"Visit Saint-Cado and the Etel estuary | Discover Saint-Cado and the Etel estuary","og_url":"https:\/\/www.camping-pen-palud.com\/en\/surroundings\/tourism-saint-cado-and-ria-detel\/","og_site_name":"Camping Pen Palud","article_publisher":"https:\/\/www.facebook.com\/campingpenpalud\/","article_modified_time":"2023-04-17T15:09:05+00:00","og_image":[{"width":1903,"height":669,"url":"https:\/\/www.camping-pen-palud.com\/wp-content\/uploads\/2023\/03\/decouvrir-ile-saint-cado.webp","type":"image\/webp"}],"twitter_card":"summary_large_image","twitter_misc":{"Est. reading time":"3 minutes"},"schema":{"@context":"https:\/\/schema.org","@graph":[{"@type":"WebPage","@id":"https:\/\/www.camping-pen-palud.com\/en\/surroundings\/tourism-saint-cado-and-ria-detel\/","url":"https:\/\/www.camping-pen-palud.com\/en\/surroundings\/tourism-saint-cado-and-ria-detel\/","name":"Visit Saint-Cado and the Etel estuary | Discover Saint-Cado and the Etel estuary","isPartOf":{"@id":"https:\/\/www.camping-pen-palud.com\/#website"},"primaryImageOfPage":{"@id":"https:\/\/www.camping-pen-palud.com\/en\/surroundings\/tourism-saint-cado-and-ria-detel\/#primaryimage"},"image":{"@id":"https:\/\/www.camping-pen-palud.com\/en\/surroundings\/tourism-saint-cado-and-ria-detel\/#primaryimage"},"thumbnailUrl":"https:\/\/www.camping-pen-palud.com\/wp-content\/uploads\/2023\/03\/decouvrir-ile-saint-cado.webp","datePublished":"2023-04-11T11:58:48+00:00","dateModified":"2023-04-17T15:09:05+00:00","breadcrumb":{"@id":"https:\/\/www.camping-pen-palud.com\/en\/surroundings\/tourism-saint-cado-and-ria-detel\/#breadcrumb"},"inLanguage":"en-US","potentialAction":[{"@type":"ReadAction","target":["https:\/\/www.camping-pen-palud.com\/en\/surroundings\/tourism-saint-cado-and-ria-detel\/"]}]},{"@type":"ImageObject","inLanguage":"en-US","@id":"https:\/\/www.camping-pen-palud.com\/en\/surroundings\/tourism-saint-cado-and-ria-detel\/#primaryimage","url":"https:\/\/www.camping-pen-palud.com\/wp-content\/uploads\/2023\/03\/decouvrir-ile-saint-cado.webp","contentUrl":"https:\/\/www.camping-pen-palud.com\/wp-content\/uploads\/2023\/03\/decouvrir-ile-saint-cado.webp","width":1903,"height":669,"caption":"decouvrir ile saint cado"},{"@type":"BreadcrumbList","@id":"https:\/\/www.camping-pen-palud.com\/en\/surroundings\/tourism-saint-cado-and-ria-detel\/#breadcrumb","itemListElement":[{"@type":"ListItem","position":1,"name":"Camping Morbihan","item":"https:\/\/www.camping-pen-palud.com\/en\/"},{"@type":"ListItem","position":2,"name":"Tourism near the campsite","item":"https:\/\/www.camping-pen-palud.com\/en\/surroundings\/"},{"@type":"ListItem","position":3,"name":"Tourism in Saint-Cado and the Etel estuary"}]},{"@type":"WebSite","@id":"https:\/\/www.camping-pen-palud.com\/#website","url":"https:\/\/www.camping-pen-palud.com\/","name":"Camping Pen Palud","description":"","publisher":{"@id":"https:\/\/www.camping-pen-palud.com\/#organization"},"potentialAction":[{"@type":"SearchAction","target":{"@type":"EntryPoint","urlTemplate":"https:\/\/www.camping-pen-palud.com\/?s={search_term_string}"},"query-input":{"@type":"PropertyValueSpecification","valueRequired":true,"valueName":"search_term_string"}}],"inLanguage":"en-US"},{"@type":"Organization","@id":"https:\/\/www.camping-pen-palud.com\/#organization","name":"Camping Pen Palud","url":"https:\/\/www.camping-pen-palud.com\/","logo":{"@type":"ImageObject","inLanguage":"en-US","@id":"https:\/\/www.camping-pen-palud.com\/#\/schema\/logo\/image\/","url":"https:\/\/www.camping-pen-palud.com\/wp-content\/uploads\/2023\/02\/camping-pen-palud-logo.jpg","contentUrl":"https:\/\/www.camping-pen-palud.com\/wp-content\/uploads\/2023\/02\/camping-pen-palud-logo.jpg","width":245,"height":150,"caption":"Camping Pen Palud"},"image":{"@id":"https:\/\/www.camping-pen-palud.com\/#\/schema\/logo\/image\/"},"sameAs":["https:\/\/www.facebook.com\/campingpenpalud\/","https:\/\/www.instagram.com\/CampingPenpalud\/"]}]}},"_links":{"self":[{"href":"https:\/\/www.camping-pen-palud.com\/en\/wp-json\/wp\/v2\/pages\/3803","targetHints":{"allow":["GET"]}}],"collection":[{"href":"https:\/\/www.camping-pen-palud.com\/en\/wp-json\/wp\/v2\/pages"}],"about":[{"href":"https:\/\/www.camping-pen-palud.com\/en\/wp-json\/wp\/v2\/types\/page"}],"author":[{"embeddable":true,"href":"https:\/\/www.camping-pen-palud.com\/en\/wp-json\/wp\/v2\/users\/1"}],"replies":[{"embeddable":true,"href":"https:\/\/www.camping-pen-palud.com\/en\/wp-json\/wp\/v2\/comments?post=3803"}],"version-history":[{"count":9,"href":"https:\/\/www.camping-pen-palud.com\/en\/wp-json\/wp\/v2\/pages\/3803\/revisions"}],"predecessor-version":[{"id":4245,"href":"https:\/\/www.camping-pen-palud.com\/en\/wp-json\/wp\/v2\/pages\/3803\/revisions\/4245"}],"up":[{"embeddable":true,"href":"https:\/\/www.camping-pen-palud.com\/en\/wp-json\/wp\/v2\/pages\/3816"}],"wp:featuredmedia":[{"embeddable":true,"href":"https:\/\/www.camping-pen-palud.com\/en\/wp-json\/wp\/v2\/media\/3166"}],"wp:attachment":[{"href":"https:\/\/www.camping-pen-palud.com\/en\/wp-json\/wp\/v2\/media?parent=3803"}],"wp:term":[{"taxonomy":"sujet","embeddable":true,"href":"https:\/\/www.camping-pen-palud.com\/en\/wp-json\/wp\/v2\/sujet?post=3803"}],"curies":[{"name":"wp","href":"https:\/\/api.w.org\/{rel}","templated":true}]}}